{"id":6095,"date":"2020-07-22T20:23:36","date_gmt":"2020-07-22T20:23:36","guid":{"rendered":"https:\/\/dent360.com.tr\/dent360\/?page_id=6095"},"modified":"2021-11-27T20:15:15","modified_gmt":"2021-11-27T20:15:15","slug":"merkezimiz","status":"publish","type":"page","link":"https:\/\/www.mkautogarage.com\/mk\/merkezimiz\/","title":{"rendered":"MERKEZ\u0130M\u0130Z"},"content":{"rendered":"[vc_row type=&#8221;full_width_background&#8221; full_screen_row_position=&#8221;middle&#8221; bg_image=&#8221;6801&#8243; bg_position=&#8221;left top&#8221; bg_repeat=&#8221;no-repeat&#8221; bg_color=&#8221;#333333&#8243; scene_position=&#8221;center&#8221; text_color=&#8221;light&#8221; text_align=&#8221;left&#8221; top_padding=&#8221;19%&#8221; bottom_padding=&#8221;9%&#8221; enable_gradient=&#8221;true&#8221; color_overlay=&#8221;#282828&#8243; color_overlay_2=&#8221;#3f3f3f&#8221; gradient_direction=&#8221;left_t_to_right_b&#8221; overlay_strength=&#8221;1&#8243; enable_shape_divider=&#8221;true&#8221; shape_divider_color=&#8221;#ffffff&#8221; shape_divider_position=&#8221;top&#8221; shape_divider_height=&#8221;250&#8243; bg_image_animation=&#8221;fade-in&#8221; shape_type=&#8221;mountains&#8221;][vc_column centered_text=&#8221;true&#8221; column_padding=&#8221;no-extra-padding&#8221; column_padding_position=&#8221;all&#8221; background_color_opacity=&#8221;1&#8243; background_hover_color_opacity=&#8221;1&#8243; column_link_target=&#8221;_self&#8221; column_shadow=&#8221;none&#8221; column_border_radius=&#8221;none&#8221; width=&#8221;1\/6&#8243; tablet_width_inherit=&#8221;default&#8221; tablet_text_alignment=&#8221;default&#8221; phone_text_alignment=&#8221;default&#8221; column_border_width=&#8221;none&#8221; column_border_style=&#8221;solid&#8221; bg_image_animation=&#8221;none&#8221;][\/vc_column][vc_column centered_text=&#8221;true&#8221; column_padding=&#8221;no-extra-padding&#8221; column_padding_position=&#8221;all&#8221; background_color_opacity=&#8221;1&#8243; background_hover_color_opacity=&#8221;1&#8243; column_link_target=&#8221;_self&#8221; column_shadow=&#8221;none&#8221; column_border_radius=&#8221;none&#8221; width=&#8221;2\/3&#8243; tablet_width_inherit=&#8221;default&#8221; tablet_text_alignment=&#8221;default&#8221; phone_text_alignment=&#8221;default&#8221; column_border_width=&#8221;none&#8221; column_border_style=&#8221;solid&#8221; bg_image_animation=&#8221;none&#8221;][vc_row_inner column_margin=&#8221;default&#8221; text_align=&#8221;left&#8221;][vc_column_inner column_padding=&#8221;no-extra-padding&#8221; column_padding_position=&#8221;all&#8221; centered_text=&#8221;true&#8221; background_color_opacity=&#8221;1&#8243; background_hover_color_opacity=&#8221;1&#8243; font_color=&#8221;#ce9b48&#8243; column_shadow=&#8221;none&#8221; column_border_radius=&#8221;none&#8221; column_link_target=&#8221;_self&#8221; width=&#8221;1\/1&#8243; tablet_width_inherit=&#8221;default&#8221; column_border_width=&#8221;none&#8221; column_border_style=&#8221;solid&#8221; bg_image_animation=&#8221;none&#8221; enable_animation=&#8221;true&#8221; animation=&#8221;fade-in-from-bottom&#8221;][vc_column_text]\n<h2>Arac\u0131n\u0131z i\u00e7in,<\/h2>\n<h2>En \u0130yi Dokunu\u015f.<\/h2>\n<p>info@mkautogarage.com[\/vc_column_text][\/vc_column_inner][\/vc_row_inner][vc_row_inner column_margin=&#8221;default&#8221; text_align=&#8221;left&#8221;][vc_column_inner column_padding=&#8221;no-extra-padding&#8221; column_padding_position=&#8221;all&#8221; background_color_opacity=&#8221;1&#8243; background_hover_color_opacity=&#8221;1&#8243; column_shadow=&#8221;none&#8221; column_border_radius=&#8221;none&#8221; column_link_target=&#8221;_self&#8221; width=&#8221;1\/1&#8243; tablet_width_inherit=&#8221;default&#8221; column_border_width=&#8221;none&#8221; column_border_style=&#8221;solid&#8221; bg_image_animation=&#8221;none&#8221; enable_animation=&#8221;true&#8221; animation=&#8221;fade-in-from-bottom&#8221; delay=&#8221;100&#8243;][image_with_animation image_url=&#8221;6961&#8243; alignment=&#8221;center&#8221; animation=&#8221;Fade In&#8221; border_radius=&#8221;none&#8221; box_shadow=&#8221;none&#8221; max_width=&#8221;100%&#8221; img_link=&#8221;tel:+902126783232&#8243;][\/vc_column_inner][\/vc_row_inner][\/vc_column][vc_column column_padding=&#8221;no-extra-padding&#8221; column_padding_position=&#8221;all&#8221; background_color_opacity=&#8221;1&#8243; background_hover_color_opacity=&#8221;1&#8243; column_link_target=&#8221;_self&#8221; column_shadow=&#8221;none&#8221; column_border_radius=&#8221;none&#8221; width=&#8221;1\/6&#8243; tablet_width_inherit=&#8221;default&#8221; tablet_text_alignment=&#8221;default&#8221; phone_text_alignment=&#8221;default&#8221; column_border_width=&#8221;none&#8221; column_border_style=&#8221;solid&#8221; bg_image_animation=&#8221;none&#8221;][\/vc_column][\/vc_row]\n","protected":false},"excerpt":{"rendered":"<p>[vc_row type=&#8221;full_width_background&#8221; full_screen_row_position=&#8221;middle&#8221; bg_image=&#8221;6801&#8243; bg_position=&#8221;left top&#8221; bg_repeat=&#8221;no-repeat&#8221; bg_color=&#8221;#333333&#8243; scene_position=&#8221;center&#8221; text_color=&#8221;light&#8221; text_align=&#8221;left&#8221; top_padding=&#8221;19%&#8221; bottom_padding=&#8221;9%&#8221; enable_gradient=&#8221;true&#8221; color_overlay=&#8221;#282828&#8243; color_overlay_2=&#8221;#3f3f3f&#8221; gradient_direction=&#8221;left_t_to_right_b&#8221; overlay_strength=&#8221;1&#8243; enable_shape_divider=&#8221;true&#8221; shape_divider_color=&#8221;#ffffff&#8221; shape_divider_position=&#8221;top&#8221; shape_divider_height=&#8221;250&#8243; bg_image_animation=&#8221;fade-in&#8221; shape_type=&#8221;mountains&#8221;][vc_column centered_text=&#8221;true&#8221;&#8230;<\/p>\n","protected":false},"author":1,"featured_media":0,"parent":0,"menu_order":0,"comment_status":"closed","ping_status":"closed","template":"","meta":{"spay_email":"","footnotes":""},"yoast_head":"<!-- This site is optimized with the Yoast SEO plugin v17.2 - https:\/\/yoast.com\/wordpress\/plugins\/seo\/ -->\n<title>MERKEZ\u0130M\u0130Z - MK Auto Garage - Beykent | Oto Y\u0131kama - Kuaf\u00f6r - Detayl\u0131 Temizlik<\/title>\n<meta name=\"description\" content=\"MK Auto Garage olarak, Oto kuaf\u00f6r, Bak\u0131m - Onar\u0131m, A+ Seramik Kaplama, Cam filmi, Boyas\u0131z g\u00f6\u00e7\u00fck giderme hizmetlerinin yan\u0131nda Oto \u00e7ekici hizmeti de vermektedir.\" \/>\n<meta name=\"robots\" content=\"noindex, follow, max-snippet:-1, max-image-preview:large, max-video-preview:-1\" \/>\n<meta property=\"og:locale\" content=\"tr_TR\" \/>\n<meta property=\"og:type\" content=\"article\" \/>\n<meta property=\"og:title\" content=\"MERKEZ\u0130M\u0130Z - MK Auto Garage - Beykent | Oto Y\u0131kama - Kuaf\u00f6r - Detayl\u0131 Temizlik\" \/>\n<meta property=\"og:description\" content=\"MK Auto Garage olarak, Oto kuaf\u00f6r, Bak\u0131m - Onar\u0131m, A+ Seramik Kaplama, Cam filmi, Boyas\u0131z g\u00f6\u00e7\u00fck giderme hizmetlerinin yan\u0131nda Oto \u00e7ekici hizmeti de vermektedir.\" \/>\n<meta property=\"og:url\" content=\"https:\/\/www.mkautogarage.com\/mk\/merkezimiz\/\" \/>\n<meta property=\"og:site_name\" content=\"MK Auto Garage - Beykent | Oto Y\u0131kama - Kuaf\u00f6r - Detayl\u0131 Temizlik\" \/>\n<meta property=\"article:publisher\" content=\"https:\/\/www.facebook.com\/dentninova\" \/>\n<meta property=\"article:modified_time\" content=\"2021-11-27T20:15:15+00:00\" \/>\n<meta name=\"twitter:card\" content=\"summary_large_image\" \/>\n<meta name=\"twitter:label1\" content=\"Tahmini okuma s\u00fcresi\" \/>\n\t<meta name=\"twitter:data1\" content=\"1 dakika\" \/>\n<script type=\"application\/ld+json\" class=\"yoast-schema-graph\">{\"@context\":\"https:\/\/schema.org\",\"@graph\":[{\"@type\":\"Organization\",\"@id\":\"https:\/\/www.mkautogarage.com\/mk\/#organization\",\"name\":\"MK Auto Garage - Auto Detailing\",\"url\":\"https:\/\/www.mkautogarage.com\/mk\/\",\"sameAs\":[\"https:\/\/www.facebook.com\/dentninova\",\"https:\/\/www.instagram.com\/dentninova\"],\"logo\":{\"@type\":\"ImageObject\",\"@id\":\"https:\/\/www.mkautogarage.com\/mk\/#logo\",\"inLanguage\":\"tr\",\"url\":\"https:\/\/mkautogarage.com\/mk\/wp-content\/uploads\/2021\/11\/mkautohakkimizda.jpg\",\"contentUrl\":\"https:\/\/mkautogarage.com\/mk\/wp-content\/uploads\/2021\/11\/mkautohakkimizda.jpg\",\"width\":1000,\"height\":1000,\"caption\":\"MK Auto Garage - Auto Detailing\"},\"image\":{\"@id\":\"https:\/\/www.mkautogarage.com\/mk\/#logo\"}},{\"@type\":\"WebSite\",\"@id\":\"https:\/\/www.mkautogarage.com\/mk\/#website\",\"url\":\"https:\/\/www.mkautogarage.com\/mk\/\",\"name\":\"MK Auto Garage - Beykent | Oto Y\\u0131kama - Kuaf\\u00f6r - Detayl\\u0131 Temizlik\",\"description\":\"MK Auto Garage - Beykent | Oto Y\\u0131kama - Kuaf\\u00f6r - Detayl\\u0131 Temizlik\",\"publisher\":{\"@id\":\"https:\/\/www.mkautogarage.com\/mk\/#organization\"},\"potentialAction\":[{\"@type\":\"SearchAction\",\"target\":{\"@type\":\"EntryPoint\",\"urlTemplate\":\"https:\/\/www.mkautogarage.com\/mk\/?s={search_term_string}\"},\"query-input\":\"required name=search_term_string\"}],\"inLanguage\":\"tr\"},{\"@type\":\"WebPage\",\"@id\":\"https:\/\/www.mkautogarage.com\/mk\/merkezimiz\/#webpage\",\"url\":\"https:\/\/www.mkautogarage.com\/mk\/merkezimiz\/\",\"name\":\"MERKEZ\\u0130M\\u0130Z - MK Auto Garage - Beykent | Oto Y\\u0131kama - Kuaf\\u00f6r - Detayl\\u0131 Temizlik\",\"isPartOf\":{\"@id\":\"https:\/\/www.mkautogarage.com\/mk\/#website\"},\"datePublished\":\"2020-07-22T20:23:36+00:00\",\"dateModified\":\"2021-11-27T20:15:15+00:00\",\"description\":\"MK Auto Garage olarak, Oto kuaf\\u00f6r, Bak\\u0131m - Onar\\u0131m, A+ Seramik Kaplama, Cam filmi, Boyas\\u0131z g\\u00f6\\u00e7\\u00fck giderme hizmetlerinin yan\\u0131nda Oto \\u00e7ekici hizmeti de vermektedir.\",\"breadcrumb\":{\"@id\":\"https:\/\/www.mkautogarage.com\/mk\/merkezimiz\/#breadcrumb\"},\"inLanguage\":\"tr\",\"potentialAction\":[{\"@type\":\"ReadAction\",\"target\":[\"https:\/\/www.mkautogarage.com\/mk\/merkezimiz\/\"]}]},{\"@type\":\"BreadcrumbList\",\"@id\":\"https:\/\/www.mkautogarage.com\/mk\/merkezimiz\/#breadcrumb\",\"itemListElement\":[{\"@type\":\"ListItem\",\"position\":1,\"name\":\"Anasayfa\",\"item\":\"https:\/\/www.mkautogarage.com\/mk\/\"},{\"@type\":\"ListItem\",\"position\":2,\"name\":\"MERKEZ\\u0130M\\u0130Z\"}]}]}<\/script>\n<!-- \/ Yoast SEO plugin. -->","yoast_head_json":{"title":"MERKEZ\u0130M\u0130Z - MK Auto Garage - Beykent | Oto Y\u0131kama - Kuaf\u00f6r - Detayl\u0131 Temizlik","description":"MK Auto Garage olarak, Oto kuaf\u00f6r, Bak\u0131m - Onar\u0131m, A+ Seramik Kaplama, Cam filmi, Boyas\u0131z g\u00f6\u00e7\u00fck giderme hizmetlerinin yan\u0131nda Oto \u00e7ekici hizmeti de vermektedir.","robots":{"index":"noindex","follow":"follow","max-snippet":"max-snippet:-1","max-image-preview":"max-image-preview:large","max-video-preview":"max-video-preview:-1"},"og_locale":"tr_TR","og_type":"article","og_title":"MERKEZ\u0130M\u0130Z - MK Auto Garage - Beykent | Oto Y\u0131kama - Kuaf\u00f6r - Detayl\u0131 Temizlik","og_description":"MK Auto Garage olarak, Oto kuaf\u00f6r, Bak\u0131m - Onar\u0131m, A+ Seramik Kaplama, Cam filmi, Boyas\u0131z g\u00f6\u00e7\u00fck giderme hizmetlerinin yan\u0131nda Oto \u00e7ekici hizmeti de vermektedir.","og_url":"https:\/\/www.mkautogarage.com\/mk\/merkezimiz\/","og_site_name":"MK Auto Garage - Beykent | Oto Y\u0131kama - Kuaf\u00f6r - Detayl\u0131 Temizlik","article_publisher":"https:\/\/www.facebook.com\/dentninova","article_modified_time":"2021-11-27T20:15:15+00:00","twitter_card":"summary_large_image","twitter_misc":{"Tahmini okuma s\u00fcresi":"1 dakika"},"schema":{"@context":"https:\/\/schema.org","@graph":[{"@type":"Organization","@id":"https:\/\/www.mkautogarage.com\/mk\/#organization","name":"MK Auto Garage - Auto Detailing","url":"https:\/\/www.mkautogarage.com\/mk\/","sameAs":["https:\/\/www.facebook.com\/dentninova","https:\/\/www.instagram.com\/dentninova"],"logo":{"@type":"ImageObject","@id":"https:\/\/www.mkautogarage.com\/mk\/#logo","inLanguage":"tr","url":"https:\/\/mkautogarage.com\/mk\/wp-content\/uploads\/2021\/11\/mkautohakkimizda.jpg","contentUrl":"https:\/\/mkautogarage.com\/mk\/wp-content\/uploads\/2021\/11\/mkautohakkimizda.jpg","width":1000,"height":1000,"caption":"MK Auto Garage - Auto Detailing"},"image":{"@id":"https:\/\/www.mkautogarage.com\/mk\/#logo"}},{"@type":"WebSite","@id":"https:\/\/www.mkautogarage.com\/mk\/#website","url":"https:\/\/www.mkautogarage.com\/mk\/","name":"MK Auto Garage - Beykent | Oto Y\u0131kama - Kuaf\u00f6r - Detayl\u0131 Temizlik","description":"MK Auto Garage - Beykent | Oto Y\u0131kama - Kuaf\u00f6r - Detayl\u0131 Temizlik","publisher":{"@id":"https:\/\/www.mkautogarage.com\/mk\/#organization"},"potentialAction":[{"@type":"SearchAction","target":{"@type":"EntryPoint","urlTemplate":"https:\/\/www.mkautogarage.com\/mk\/?s={search_term_string}"},"query-input":"required name=search_term_string"}],"inLanguage":"tr"},{"@type":"WebPage","@id":"https:\/\/www.mkautogarage.com\/mk\/merkezimiz\/#webpage","url":"https:\/\/www.mkautogarage.com\/mk\/merkezimiz\/","name":"MERKEZ\u0130M\u0130Z - MK Auto Garage - Beykent | Oto Y\u0131kama - Kuaf\u00f6r - Detayl\u0131 Temizlik","isPartOf":{"@id":"https:\/\/www.mkautogarage.com\/mk\/#website"},"datePublished":"2020-07-22T20:23:36+00:00","dateModified":"2021-11-27T20:15:15+00:00","description":"MK Auto Garage olarak, Oto kuaf\u00f6r, Bak\u0131m - Onar\u0131m, A+ Seramik Kaplama, Cam filmi, Boyas\u0131z g\u00f6\u00e7\u00fck giderme hizmetlerinin yan\u0131nda Oto \u00e7ekici hizmeti de vermektedir.","breadcrumb":{"@id":"https:\/\/www.mkautogarage.com\/mk\/merkezimiz\/#breadcrumb"},"inLanguage":"tr","potentialAction":[{"@type":"ReadAction","target":["https:\/\/www.mkautogarage.com\/mk\/merkezimiz\/"]}]},{"@type":"BreadcrumbList","@id":"https:\/\/www.mkautogarage.com\/mk\/merkezimiz\/#breadcrumb","itemListElement":[{"@type":"ListItem","position":1,"name":"Anasayfa","item":"https:\/\/www.mkautogarage.com\/mk\/"},{"@type":"ListItem","position":2,"name":"MERKEZ\u0130M\u0130Z"}]}]}},"jetpack_sharing_enabled":true,"jetpack_likes_enabled":true,"_links":{"self":[{"href":"https:\/\/www.mkautogarage.com\/mk\/wp-json\/wp\/v2\/pages\/6095"}],"collection":[{"href":"https:\/\/www.mkautogarage.com\/mk\/wp-json\/wp\/v2\/pages"}],"about":[{"href":"https:\/\/www.mkautogarage.com\/mk\/wp-json\/wp\/v2\/types\/page"}],"author":[{"embeddable":true,"href":"https:\/\/www.mkautogarage.com\/mk\/wp-json\/wp\/v2\/users\/1"}],"replies":[{"embeddable":true,"href":"https:\/\/www.mkautogarage.com\/mk\/wp-json\/wp\/v2\/comments?post=6095"}],"version-history":[{"count":28,"href":"https:\/\/www.mkautogarage.com\/mk\/wp-json\/wp\/v2\/pages\/6095\/revisions"}],"predecessor-version":[{"id":7101,"href":"https:\/\/www.mkautogarage.com\/mk\/wp-json\/wp\/v2\/pages\/6095\/revisions\/7101"}],"wp:attachment":[{"href":"https:\/\/www.mkautogarage.com\/mk\/wp-json\/wp\/v2\/media?parent=6095"}],"curies":[{"name":"wp","href":"https:\/\/api.w.org\/{rel}","templated":true}]}}